{"id":906,"date":"2018-08-29T18:52:36","date_gmt":"2018-08-29T21:52:36","guid":{"rendered":"https:\/\/eaic-bue.infd.edu.ar\/sitio\/notas-del-director\/"},"modified":"2026-04-03T15:09:51","modified_gmt":"2026-04-03T18:09:51","slug":"notas-del-director","status":"publish","type":"page","link":"https:\/\/eaic-bue.infd.edu.ar\/sitio\/notas-del-director\/","title":{"rendered":"Notas del Director"},"content":{"rendered":"<p><span style=\"font-family: arial, helvetica, sans-serif; font-size: 12pt;\">A continuaci\u00f3n podr\u00e1n descargar las s\u00edntesis de la<\/span><span style=\"font-family: arial, helvetica, sans-serif; font-size: 12pt;\"> direcci\u00f3n:<\/span><\/p>\n<p><strong><span style=\"font-family: arial, helvetica, sans-serif; font-size: 12pt;\"><a href=\"https:\/\/drive.google.com\/file\/d\/0B0BkDwIB65k6N2NYQk5CNUJaZjg\/view?usp=sharing\" target=\"_blank\" rel=\"noopener\">Diciembre 20<\/a>14<img decoding=\"async\" loading=\"lazy\" class=\"size-full wp-image-4861 alignright\" src=\"https:\/\/eaic-bue.infd.edu.ar\/sitio\/wp-content\/uploads\/2026\/04\/484070156_1164937391636587_475712581274584309_n.jpg\" alt=\"\" width=\"526\" height=\"699\" \/><\/span><\/strong><\/p>\n<p><strong><span style=\"font-family: arial, helvetica, sans-serif; font-size: 12pt;\"><a href=\"https:\/\/drive.google.com\/file\/d\/0B0BkDwIB65k6OVlGVXNzd2RMVHc\/view?usp=sharing\" target=\"_blank\" rel=\"noopener\">Diciembre 2013<\/a><\/span><\/strong><\/p>\n<p><strong><span style=\"font-family: arial, helvetica, sans-serif; font-size: 12pt;\"><a href=\"https:\/\/drive.google.com\/file\/d\/0B0BkDwIB65k6QVJjd0tlSkx5S2c\/view?usp=sharing\" target=\"_blank\" rel=\"noopener\">Julio 2013<\/a><\/span><\/strong><\/p>\n<p><strong><span style=\"font-family: arial, helvetica, sans-serif; font-size: 12pt;\"><a href=\"https:\/\/docs.google.com\/document\/d\/1APY2oidXBVF-5NelxfIf6cEiKJ_GJL1Z7b8vc-AL2u4\/edit\" target=\"_blank\" rel=\"noopener\">Diciembre\u00a02011<\/a><\/span><\/strong><\/p>\n<p><strong><span style=\"font-family: arial, helvetica, sans-serif; font-size: 12pt;\"><a href=\"https:\/\/docs.google.com\/document\/pub?id=1kmvLDWlatG8JjvTVrec2twfuqnz4-29zH4ZJ7JUhhz4\" target=\"_blank\" rel=\"noopener\">Diciembre\u00a02010<\/a><\/span><\/strong><\/p>\n<p><strong><span style=\"font-family: arial, helvetica, sans-serif; font-size: 12pt;\"><a href=\"https:\/\/docs.google.com\/document\/pub?id=1KfCSOgSn3vpUzFfGFUv5fn8zMY5TVHcxjYZqG53yz78\" target=\"_blank\" rel=\"noopener\">Diciembre\u00a02009<\/a><\/span><\/strong><\/p>\n<p><strong><span style=\"font-family: arial, helvetica, sans-serif; font-size: 12pt;\"><a href=\"https:\/\/docs.google.com\/document\/pub?id=1v7IEbR-dW_DpgXQEdnl6WIqYyV35mE57z9sJoTH9ckQ\" target=\"_blank\" rel=\"noopener\">Diciembre 2008<\/a><\/span><\/strong><\/p>\n<p><strong><span style=\"font-family: arial, helvetica, sans-serif; font-size: 12pt;\"><a href=\"https:\/\/docs.google.com\/document\/pub?id=1YCh4inAsijKJTZdkhFjXw0gWFFHMyW5ht0UjwN7DpL0\" target=\"_blank\" rel=\"noopener\">Febrero 2008<\/a><\/span><\/strong><\/p>\n<p><strong><span style=\"font-family: arial, helvetica, sans-serif; font-size: 12pt;\"><a href=\"https:\/\/docs.google.com\/document\/pub?id=1VwqPpTToZXkuoK_ozaY42ghE8FhQrxhaCeO1NPQU2dA\" target=\"_blank\" rel=\"noopener\">Noviembre 2007<\/a><\/span><\/strong><\/p>\n<p><strong><span style=\"font-family: arial, helvetica, sans-serif; font-size: 12pt;\"><a href=\"https:\/\/docs.google.com\/document\/pub?id=1RH94ndSO0ta9pdtMvhhcdQOubfxhl89-i8KnRzh1uOs\" target=\"_blank\" rel=\"noopener\">Diciembre 2006<\/a><\/span><\/strong><\/p>\n<p><strong><span style=\"font-family: arial, helvetica, sans-serif; font-size: 12pt;\"><a href=\"https:\/\/docs.google.com\/document\/pub?id=1BKh9Y8GTyYff7MX35Ggf1Sn8_wuxlxFyN7HbC2QdW0w\" target=\"_blank\" rel=\"noopener\">Noviembre 2005<\/a><\/span><\/strong><\/p>\n<p><strong><span style=\"font-family: arial, helvetica, sans-serif; font-size: 12pt;\"><a href=\"https:\/\/docs.google.com\/document\/pub?id=1YGgID_18tgcAnm8HBWMTcuy1pTBxec8yJC6lUL-tkMQ\" target=\"_blank\" rel=\"noopener\">Diciembre 2004<\/a><\/span><\/strong><\/p>\n<p><strong><span style=\"font-family: arial, helvetica, sans-serif; font-size: 12pt;\"><a href=\"https:\/\/docs.google.com\/document\/pub?id=14Vng5lV51MsQL9Sb2-N5rOAvFnDjGiIRuxs8fCdYgUg\" target=\"_blank\" rel=\"noopener\">Octubre 2002<\/a><\/span><\/strong><\/p>\n<p><strong><span style=\"font-family: arial, helvetica, sans-serif; font-size: 12pt;\"><a href=\"https:\/\/docs.google.com\/document\/pub?id=1x78_SQTtJGx09iY23WqNPSTQIPTQh7pf0GXTJy08FZc\" target=\"_blank\" rel=\"noopener\">Julio 2002<\/a><\/span><\/strong><\/p>\n<p><img decoding=\"async\" loading=\"lazy\" class=\"size-full wp-image-4832 aligncenter\" src=\"https:\/\/eaic-bue.infd.edu.ar\/sitio\/wp-content\/uploads\/2026\/04\/descarga-4.png\" alt=\"\" width=\"225\" height=\"225\" \/><\/p>\n","protected":false},"excerpt":{"rendered":"<p>A continuaci\u00f3n podr\u00e1n descargar las s\u00edntesis de la direcci\u00f3n: Diciembre 2014 Diciembre 2013 Julio 2013 Diciembre\u00a02011 Diciembre\u00a02010 Diciembre\u00a02009 Diciembre 2008 Febrero 2008 Noviembre 2007 Diciembre 2006 Noviembre 2005 Diciembre 2004 Octubre 2002 Julio 2002<\/p>\n","protected":false},"author":68,"featured_media":0,"parent":0,"menu_order":0,"comment_status":"closed","ping_status":"closed","template":"","meta":[],"acf":[],"_links":{"self":[{"href":"https:\/\/eaic-bue.infd.edu.ar\/sitio\/wp-json\/wp\/v2\/pages\/906"}],"collection":[{"href":"https:\/\/eaic-bue.infd.edu.ar\/sitio\/wp-json\/wp\/v2\/pages"}],"about":[{"href":"https:\/\/eaic-bue.infd.edu.ar\/sitio\/wp-json\/wp\/v2\/types\/page"}],"author":[{"embeddable":true,"href":"https:\/\/eaic-bue.infd.edu.ar\/sitio\/wp-json\/wp\/v2\/users\/68"}],"replies":[{"embeddable":true,"href":"https:\/\/eaic-bue.infd.edu.ar\/sitio\/wp-json\/wp\/v2\/comments?post=906"}],"version-history":[{"count":2,"href":"https:\/\/eaic-bue.infd.edu.ar\/sitio\/wp-json\/wp\/v2\/pages\/906\/revisions"}],"predecessor-version":[{"id":4862,"href":"https:\/\/eaic-bue.infd.edu.ar\/sitio\/wp-json\/wp\/v2\/pages\/906\/revisions\/4862"}],"wp:attachment":[{"href":"https:\/\/eaic-bue.infd.edu.ar\/sitio\/wp-json\/wp\/v2\/media?parent=906"}],"curies":[{"name":"wp","href":"https:\/\/api.w.org\/{rel}","templated":true}]}}