{"id":957,"date":"2018-08-29T18:52:58","date_gmt":"2018-08-29T21:52:58","guid":{"rendered":"https:\/\/eaic-bue.infd.edu.ar\/sitio\/formularios-para-estudiantes-regulares\/"},"modified":"2023-02-14T11:44:08","modified_gmt":"2023-02-14T14:44:08","slug":"contancias-para-estudiantes-regulares","status":"publish","type":"page","link":"https:\/\/eaic-bue.infd.edu.ar\/sitio\/contancias-para-estudiantes-regulares\/","title":{"rendered":"Constancias para estudiantes regulares"},"content":{"rendered":"<p style=\"text-align: center;\">\n<h4><strong>SOLICITAR ANAL\u00cdTICO CON PORCENTAJE DE MATERIAS APROBADAS Y CONSTANCIAS DE ESTUDIANTE REGULAR<\/strong><\/h4>\n<p>Tendr\u00e1s la posibilidad de ver tu anal\u00edtico online. Desde aqu\u00ed podr\u00e1s ver las materias aprobadas con sus respectivas notas.<\/p>\n<ol>\n<li>Ingresar al sistema <a href=\"http:\/\/lamare.prox.com.ar\">http:\/\/lamare.prox.com.ar<\/a><\/li>\n<li>Ir a MEN\u00da \u2013 \u201cMis tr\u00e1mites\u201d<\/li>\n<li>Seleccionar el tipo de tr\u00e1mite que se solicita (constancia de estudiante regular y\/o anal\u00edtico con porcentaje)<\/li>\n<li>El anal\u00edtico con porcentaje o constancia solicitada llegar\u00e1 al correo electr\u00f3nico que registraron en el sistema luego de las 48\/72 hs. En caso de no recibirlo en la bandeja de entrada, revisar SPAM o correo no deseado<\/li>\n<li><strong>Se deber\u00e1 imprimir la constancia solicitada y concurrir a la sede de Casanova para que sea firmado y sellado por el equipo directivo<\/strong><\/li>\n<\/ol>\n<h4><strong>ACLARACIONES<\/strong><\/h4>\n<ol>\n<li><strong>POR CONSTANCIAS DE ESTUDIANTE REGULAR<\/strong><\/li>\n<\/ol>\n<ul>\n<li>Para solicitar <b>CONSTANCIAS DE ESTUDIANTE REGULAR <\/b>\u00a0solo se podr\u00e1n hacer por el sistema acad\u00e9mico (lamare.pox.com.ar)\u00a0 una vez que est\u00e9n inscriptxs en las cursadas (de abril a diciembre). En los casos que se necesite dicha constancia <strong>en el per\u00edodo de febrero-marzo, podr\u00e1n descargar l<a href=\"https:\/\/docs.google.com\/document\/d\/1z1_ySpN9k8cVyuzOfTh6qh-xJu4Ljng1\/edit?usp=sharing&amp;ouid=105354398934155958444&amp;rtpof=true&amp;sd=true\">a misma desde este link (CLICK AQU\u00cd),<\/a><\/strong> completarla con los datos que corresponda y concurrir a la sede de Casanova para su firma y sello,<strong> siempre y cuando hayan cursado al menos una asignatura en el ciclo lectivo anterior al que se solicita esa constancia.<\/strong><\/li>\n<\/ul>\n<p><strong>2. POR PORCENTAJES DE MATERIAS APROBADAS<\/strong><\/p>\n<ul>\n<li>Los porcentajes de materias aprobadas solo se otorgan a quienes est\u00e9n en la FORMACI\u00d3N DE GRADO de un <strong>PROFESORADO.<\/strong> En los casos de FOBA o TECNICATURAS no se otorgan porcentajes, ya que no son trayectos que habiliten para el trabajo docente<\/li>\n<\/ul>\n<p style=\"text-align: left;\">\n<p style=\"text-align: left;\">\n<p style=\"text-align: center;\"><span style=\"font-family: arial, helvetica, sans-serif; font-size: 12pt;\"><a title=\"CERT SALUD TEATRO\" href=\"upload\/CERT_SALUD_TEATRO.docx\" target=\"_blank\" rel=\"noopener\">\u00a0<\/a><\/span><\/p>\n","protected":false},"excerpt":{"rendered":"<p>SOLICITAR ANAL\u00cdTICO CON PORCENTAJE DE MATERIAS APROBADAS Y CONSTANCIAS DE ESTUDIANTE REGULAR Tendr\u00e1s la posibilidad de ver tu anal\u00edtico online. Desde aqu\u00ed podr\u00e1s ver las materias aprobadas con sus respectivas notas. Ingresar al sistema http:\/\/lamare.prox.com.ar Ir a MEN\u00da \u2013 \u201cMis tr\u00e1mites\u201d Seleccionar el tipo de tr\u00e1mite que se solicita (constancia de estudiante regular y\/o anal\u00edtico &#8230; <a title=\"Constancias para estudiantes regulares\" class=\"read-more\" href=\"https:\/\/eaic-bue.infd.edu.ar\/sitio\/contancias-para-estudiantes-regulares\/\" aria-label=\"More on Constancias para estudiantes regulares\">[+]<\/a><\/p>\n","protected":false},"author":68,"featured_media":0,"parent":0,"menu_order":0,"comment_status":"closed","ping_status":"closed","template":"","meta":[],"acf":[],"_links":{"self":[{"href":"https:\/\/eaic-bue.infd.edu.ar\/sitio\/wp-json\/wp\/v2\/pages\/957"}],"collection":[{"href":"https:\/\/eaic-bue.infd.edu.ar\/sitio\/wp-json\/wp\/v2\/pages"}],"about":[{"href":"https:\/\/eaic-bue.infd.edu.ar\/sitio\/wp-json\/wp\/v2\/types\/page"}],"author":[{"embeddable":true,"href":"https:\/\/eaic-bue.infd.edu.ar\/sitio\/wp-json\/wp\/v2\/users\/68"}],"replies":[{"embeddable":true,"href":"https:\/\/eaic-bue.infd.edu.ar\/sitio\/wp-json\/wp\/v2\/comments?post=957"}],"version-history":[{"count":6,"href":"https:\/\/eaic-bue.infd.edu.ar\/sitio\/wp-json\/wp\/v2\/pages\/957\/revisions"}],"predecessor-version":[{"id":4163,"href":"https:\/\/eaic-bue.infd.edu.ar\/sitio\/wp-json\/wp\/v2\/pages\/957\/revisions\/4163"}],"wp:attachment":[{"href":"https:\/\/eaic-bue.infd.edu.ar\/sitio\/wp-json\/wp\/v2\/media?parent=957"}],"curies":[{"name":"wp","href":"https:\/\/api.w.org\/{rel}","templated":true}]}}